{"id":7,"date":"2016-04-30T11:35:11","date_gmt":"2016-04-30T11:35:11","guid":{"rendered":"http:\/\/puntoreciclaje.com\/info\/?page_id=7"},"modified":"2016-04-30T11:36:04","modified_gmt":"2016-04-30T11:36:04","slug":"reciclar-que-es-y-como-se-hace","status":"publish","type":"page","link":"https:\/\/puntoreciclaje.com\/info\/","title":{"rendered":"Reciclar: \u00bfQu\u00e9 es y c\u00f3mo se hace?"},"content":{"rendered":"<h2>Reciclaje:\u00a0Informaci\u00f3n\u00a0b\u00e1sica<\/h2>\n<p class=\"p2\"><span class=\"s1\">La cantidad de residuos que se desechan d\u00eda con d\u00eda ha crecido de manera enorme a los largo de los \u00faltimos a\u00f1os, y va en aumento. Sin embargo, no siempre fue as\u00ed; en el pasado, las personas acostumbraban reutilizar las cosas como pr\u00e1ctica com\u00fan. Por lo que los residuos no representaban algo que hab\u00eda que erradicar; un punto que favorec\u00eda a no generar exceso de basura, eran los envases de los productos, ya que sus envolturas no eran desechables o de pl\u00e1stico, como lo son ahora. <\/span><\/p>\n<p class=\"p2\"><span class=\"s1\">De hecho, fue en la era industrial cuando hubo un auge en el reciclaje; tanto fue su esplendor que se conoce como la \u00e9poca de oro del reciclaje. Esto duro s\u00f3lo un tiempo, pues el cambio de pensamiento orientado al consumismo, consumo-desecho-consumo, contribuyo a incrementar los residuos.<\/span><\/p>\n<p class=\"p2\"><span class=\"s1\">Con relaci\u00f3n a lo anterior, la aparici\u00f3n del pl\u00e1stico para el uso de envases y producci\u00f3n de productos, agravo la situaci\u00f3n. Ya que qu\u00e9 estos s\u00f3lo serv\u00edan, y sirven, para usarse una vez y despu\u00e9s desecharse. Sin embargo, la conciencia ecolog\u00eda no desapareci\u00f3 del todo, afortunadamente en los a\u00f1os 60, hubo una nueva ola con el arribo de los ecologistas y sus campa\u00f1as de concientizaci\u00f3n con el medio ambiente y el reciclaje. <\/span><\/p>\n<p class=\"p2\"><span class=\"s1\">Y es que es tan importante mantenerse consientes de la importancia de reciclar, ya que si no fuera as\u00ed los desechos bien podr\u00edan llenar toda la tierra. Aunque pudiera parecer que el tema del reciclaje es algo \u2018\u2019nuevo\u2019\u2019, no lo es. En realidad este ha estado presente a lo largo de la historia de la humanidad; claro est\u00e1, adaptado a los contextos hist\u00f3ricos, sociales y necesidades de cada \u00e9poca. <\/span><\/p>\n<h3>Qu\u00e9 es reciclar.<\/h3>\n<p class=\"p2\"><span class=\"s1\">Surge aqu\u00ed una pregunta importante: \u00bfqu\u00e9 es el reciclaje? En estos tiempos escuchar o hablar de \u00e9l, es algo com\u00fan, pero eso no quiere decir que se tenga una idea exacta de su significado y sus procesos.\u00a0<\/span><\/p>\n<p class=\"p2\"><span class=\"s1\">Reciclar es el proceso al que son sometidos los residuos una vez que han terminado su uso de vida y ya no es posible reutilizados. Los residuos son sometidos a un tratamiento de materia. Dando como resultado un producto diferente al original y devolvi\u00e9ndolo al mundo del consumo. Lo que se pretende con el reciclaje es una disminuci\u00f3n de consumo de productos, as\u00ed como la reutilizaci\u00f3n de estos, y propiciar un medio ambiente limpio y un ahorro de energ\u00eda. <\/span><\/p>\n<h3>Qu\u00e9 se puede reciclar.<\/h3>\n<p class=\"p2\"><span class=\"s1\">Otra de las preguntas que surgen es: \u00bfQu\u00e9 es lo que se puede reciclar? \u00bfQu\u00e9 productos o materiales son candidatos para este proceso? <\/span><\/p>\n<p class=\"p2\"><span class=\"s1\">Si miras a tu alrededor podr\u00e1s ver varias cosas y productos que se pueden reciclar. O quiz\u00e1, ahora mismo, est\u00e9s utilizando productos que hayan sido hechos con material reciclado. <\/span><\/p>\n<h3>Materiales que se pueden reciclar:<\/h3>\n<ul>\n<li class=\"li2\"><span class=\"s1\"><b>Papel:<\/b> peri\u00f3dico, hojas, revistas, impresiones, etc. <\/span><\/li>\n<li class=\"li2\"><span class=\"s1\"><b>Vidrio.<\/b><\/span><\/li>\n<li class=\"li2\"><span class=\"s1\"><b>Textil:<\/b> algod\u00f3n y lino <\/span><\/li>\n<li class=\"li2\"><span class=\"s1\"><b>Metales<\/b>: aluminio utilizado en latas o envases para alimentos. <\/span><\/li>\n<li class=\"li2\"><span class=\"s1\"><b>Bolsas:<\/b> de papel y cart\u00f3n.<\/span><\/li>\n<li class=\"li2\"><span class=\"s1\"><b>Cart\u00f3n. <\/b><\/span><\/li>\n<li class=\"li2\"><span class=\"s1\"><b>Bater\u00eda.<\/b><\/span><\/li>\n<li class=\"li2\"><span class=\"s1\"><b>Pl\u00e1stico<\/b>. <\/span><\/li>\n<\/ul>\n<p class=\"p2\"><span class=\"s1\">Sin embargo, no todo puede reciclarse. Por ejemplo, dentro del papel est\u00e1n: el papel fotogr\u00e1fico, papel carb\u00f3n, o los que tienen alg\u00fan adhesivo o plastificados, papel higi\u00e9nico o servilletas usadas, estos no pueden ser reciclados. <\/span><\/p>\n<p class=\"p2\"><span class=\"s1\">Con respecto al pl\u00e1stico, es un material altamente contaminante, el problema no es que no se pueda reciclar; sino que existen diferentes tipos de calidad de pl\u00e1sticos, los cuales deben separarse por categor\u00edas antes de ser reciclados. Adem\u00e1s, deben de estar limpios y libres de objetos extra\u00f1os en su interior, para poder convertirlos en un nuevo producto. <\/span><\/p>\n<h3>C\u00f3mo reciclar.<\/h3>\n<p class=\"p2\"><span class=\"s1\">Pero, \u00bfc\u00f3mo lo hacemos?, y \u00bfen qu\u00e9 consiste el proceso de reciclaje? Es importante saber que el reciclaje est\u00e1 integrado por la regla de las 3R: <b>Reducir, reutilizar y reciclar. <\/b><\/span><\/p>\n<p class=\"p2\"><span class=\"s3\">La reducci\u00f3n<\/span><span class=\"s1\"> se da al momento del consumo, tratando que este disminuya y as\u00ed minimizar residuos o desechos. <\/span><\/p>\n<p class=\"p2\"><span class=\"s1\">Es importante mencionar la diferencia entre <\/span><span class=\"s3\">reciclar y reutilizaci\u00f3n<\/span><span class=\"s1\">. Pues es com\u00fan utilizar estos dos t\u00e9rminos para referirnos a la misma cosa, cuando en realidad se refieren a distintas acciones. <\/span><\/p>\n<p class=\"p2\"><span class=\"s1\">Cuando se hable de reutilizar nos referimos a un producto o materia que no ha perdido su uso de vida; as\u00ed, por ejemplo, una botella de vino se puede cortar y transformar en un vaso, o bien convertirla en una l\u00e1mpara. Aqu\u00ed estamos reutilizando, el material no sufre una alteraci\u00f3n en su estado, el producto sigue teniendo vida de uso. <\/span><\/p>\n<p class=\"p2\"><span class=\"s1\">En cambio, al momento de reciclar, estamos transformando totalmente el producto hasta convertirlo en otro distinto. Siendo la materia del producto transformada por distintos procesos, dependiendo del material.<\/span><\/p>\n<h3>Cu\u00e1les son las etapas de reciclaje:<\/h3>\n<p class=\"p2\"><span class=\"s1\">El reciclaje puede empezar desde el consumo, una medida de acci\u00f3n es tratar de disminuir el consumo de art\u00edculos y productos con envase de pl\u00e1stico o aluminio. Y optar por envases de cart\u00f3n, papel o vidrio, ya que estos contaminan menos. Poner atenci\u00f3n a este punto es importante.<\/span><\/p>\n<p class=\"p2\"><span class=\"s1\">El reciclaje puede ser en escala dom\u00e9stico o industrial, pero cualquiera de los dos,<span class=\"Apple-converted-space\">\u00a0 <\/span>siguen los mismos procesos y etapas. Las etapas del reciclaje son tres, aunque algunos suman la reducci\u00f3n, convirti\u00e9ndola en una etapa m\u00e1s. <\/span><\/p>\n<p class=\"p2\"><span class=\"s1\">La primera es la <\/span><span class=\"s3\">recolecci\u00f3n de residuos<\/span><span class=\"s1\">. Esta, se puede hacer de manera dom\u00e9stica o industrial. En este \u00faltimo caso, hay empresas que se dedican a recolectar los residuos destinados a reciclarse. La recolecci\u00f3n, es b\u00e1sicamente transportar los residuos para que pasen a la siguiente etapa de reciclaje. <\/span><\/p>\n<p class=\"p2\"><span class=\"s1\">La segunda etapa es <\/span><span class=\"s3\">la clasificaci\u00f3n<\/span><span class=\"s1\">, esta se puede hacer desde casa, para esto se usan contenedores de colores, para distinguir los diferentes materiales de los residuos. <\/span><\/p>\n<ul>\n<li class=\"li2\"><span class=\"s1\"><b>Contenedores amarillos<\/b>. Aqu\u00ed se introducen todos los envases, ya sean de aluminio, pl\u00e1stico o latas.<\/span><\/li>\n<li class=\"li2\"><span class=\"s1\"><b>Contenedor azul.<\/b> Destinado para papel y el cart\u00f3n.<\/span><\/li>\n<li class=\"li2\"><span class=\"s1\"><b>Contenedor verde.<\/b> Aqu\u00ed se introduce<span class=\"Apple-converted-space\">\u00a0 <\/span>el vidrio.<\/span><\/li>\n<li class=\"li2\"><span class=\"s1\"><b>Contenedor gris<\/b>. Para los desechos<span class=\"Apple-converted-space\">\u00a0 <\/span>org\u00e1nicos. <\/span><\/li>\n<li class=\"li2\"><span class=\"s1\"><b>Contenedor rojo<\/b>. Para bater\u00edas, celulares, o alg\u00fan otro material peligroso. <\/span><\/li>\n<\/ul>\n<p class=\"p2\"><span class=\"s1\">Cuando la recolecci\u00f3n es industrial la clasificaci\u00f3n se hace en el lugar de reciclaje, haciendo la separaci\u00f3n para enviar los residuos a donde les corresponda seg\u00fan su material.<\/span><\/p>\n<p class=\"p2\"><span class=\"s1\">La tercera etapa es <\/span><span class=\"s3\">reciclar<\/span><span class=\"s1\">; aqu\u00ed, dependiendo del desecho ser\u00e1 el proceso y el lugar al que ser\u00e1n enviados. Ya que cada material lleva un proceso de transformaci\u00f3n diferente. <\/span><\/p>\n<p class=\"p2\"><span class=\"s1\">Finalmente, una vez que los residuos han pasado por la \u00faltima etapa, y se han convertido en un producto nuevo y diferente al que eran, est\u00e1n listos para volver al ciclo de la vida de un producto.<span class=\"Apple-converted-space\">\u00a0 \u00a0<\/span><\/span><\/p>\n","protected":false},"excerpt":{"rendered":"<p>Reciclaje:\u00a0Informaci\u00f3n\u00a0b\u00e1sica La cantidad de residuos que se desechan d\u00eda con d\u00eda ha crecido de manera enorme a los largo de los \u00faltimos a\u00f1os, y va en aumento. Sin embargo, no siempre fue as\u00ed; en el pasado, las personas acostumbraban reutilizar las cosas como pr\u00e1ctica com\u00fan. Por lo que los residuos no representaban algo que hab\u00eda &hellip; <a href=\"https:\/\/puntoreciclaje.com\/info\/\" class=\"more-link\">Sigue leyendo <span class=\"screen-reader-text\">Reciclar: \u00bfQu\u00e9 es y c\u00f3mo se hace?<\/span><\/a><\/p>\n","protected":false},"author":1,"featured_media":0,"parent":0,"menu_order":0,"comment_status":"closed","ping_status":"open","template":"","meta":{"footnotes":""},"_links":{"self":[{"href":"https:\/\/puntoreciclaje.com\/info\/wp-json\/wp\/v2\/pages\/7"}],"collection":[{"href":"https:\/\/puntoreciclaje.com\/info\/wp-json\/wp\/v2\/pages"}],"about":[{"href":"https:\/\/puntoreciclaje.com\/info\/wp-json\/wp\/v2\/types\/page"}],"author":[{"embeddable":true,"href":"https:\/\/puntoreciclaje.com\/info\/wp-json\/wp\/v2\/users\/1"}],"replies":[{"embeddable":true,"href":"https:\/\/puntoreciclaje.com\/info\/wp-json\/wp\/v2\/comments?post=7"}],"version-history":[{"count":3,"href":"https:\/\/puntoreciclaje.com\/info\/wp-json\/wp\/v2\/pages\/7\/revisions"}],"predecessor-version":[{"id":10,"href":"https:\/\/puntoreciclaje.com\/info\/wp-json\/wp\/v2\/pages\/7\/revisions\/10"}],"wp:attachment":[{"href":"https:\/\/puntoreciclaje.com\/info\/wp-json\/wp\/v2\/media?parent=7"}],"curies":[{"name":"wp","href":"https:\/\/api.w.org\/{rel}","templated":true}]}}