{"id":15,"date":"2016-04-30T11:47:37","date_gmt":"2016-04-30T11:47:37","guid":{"rendered":"http:\/\/puntoreciclaje.com\/info\/?page_id=15"},"modified":"2016-04-30T11:47:37","modified_gmt":"2016-04-30T11:47:37","slug":"acciones-cotidianas-para-reciclar","status":"publish","type":"page","link":"https:\/\/puntoreciclaje.com\/info\/acciones-cotidianas-para-reciclar\/","title":{"rendered":"Acciones cotidianas para reciclar"},"content":{"rendered":"<h2>Qu\u00e9 acciones se pueden tomar para contribuir al reciclaje de manera cotidiana.<\/h2>\n<p class=\"p2\"><span class=\"s1\">Los residuos resultantes causados por el aumento del consumo y de la producci\u00f3n en exceso, han ocasionado un impacto ambiental y contaminaci\u00f3n, situaci\u00f3n que<span class=\"Apple-converted-space\">\u00a0 <\/span>va en crecimiento. Por cuestiones como estas, el reciclaje se ha convertido en un tema importante, algo en lo que se tiene que poner atenci\u00f3n. <\/span><\/p>\n<p class=\"p2\"><span class=\"s1\">La contaminaci\u00f3n empieza desde el momento en que se fabrican los productos: excesivo gasto de energ\u00eda, contaminaci\u00f3n en el ambiente a causa de los gases t\u00f3xicos, desperdicios expulsados hacia los mares y r\u00edos, deforestaci\u00f3n y la sobre explotaci\u00f3n de los recursos naturales, tanto renovables como no renovables. <\/span><\/p>\n<p class=\"p2\"><span class=\"s1\">Todo esto pone en peligro al mundo, y a los que habitamos en el. Haciendo dif\u00edcil tener una calidad de vida; as\u00ed, como una convivencia entre humanos, medio ambiente y otros seres vivos. Es entonces cuando tener y mantener una conciencia del reciclaje se vuelve urgente. De la misma manera, tambi\u00e9n es importante propagar ese conocimiento a quienes a\u00fan no lo tienen. <\/span><\/p>\n<p class=\"p2\"><span class=\"s1\">Todav\u00eda faltan cosas por hacer, porque, aunque cada vez es m\u00e1s com\u00fan escuchar sobre el reciclaje; la verdad es que falta conciencia, decisi\u00f3n y participaci\u00f3n. Sobre todo que el reciclar se mantenga como una actividad diaria, constante y permanente. <\/span><\/p>\n<p class=\"p2\"><span class=\"s1\">Es verdad que se han tomado medidas para despertar conciencia y participaci\u00f3n. Tambi\u00e9n es cierto que cada vez, la poblaci\u00f3n mundial va comprendiendo y comprometi\u00e9ndose con la necesidad de reciclar. Un ejemplo de lo anterior, es la instituci\u00f3n del d\u00eda mundial del reciclaje, el 17 de mayo. Una buena ventana para promover el reciclaje y crear conciencia mediante programas, campa\u00f1as y talleres alrededor del mundo. <\/span><\/p>\n<p class=\"p2\"><span class=\"s1\">Es necesario practicar diariamente el reciclaje, ya sea de manera individual o colectiva. El impacto inmediato ser\u00e1 peque\u00f1o, pero de poquito en poquito, se puede ir logrando algo, y seguro qu\u00e9 juntando todas las peque\u00f1as acciones, se obtendr\u00e1n grandes resultados: ahorro de energ\u00eda, prevenci\u00f3n de contaminaci\u00f3n, as\u00ed como un mejor aprovechamiento de los recursos naturales. <\/span><\/p>\n<p class=\"p3\"><span class=\"s1\"><b>Acciones cotidianas que se pueden realizar para contribuir al reciclaje<\/b><\/span><span class=\"s2\"><b>. <\/b><\/span><\/p>\n<p class=\"p2\"><span class=\"s1\"><b>Compra productos en envases de vidrio.<\/b> Siempre ser\u00e1 mejor comprar productos cuyos envases sean de vidrio y no de aluminio o pl\u00e1stico. Esto se debe a que el vidrio es un material f\u00e1cil de reciclar; adem\u00e1s, se aprovecha totalmente cada parte del material y no pierde sus propiedades. Otra ventaja es que se pueden reutilizar f\u00e1cilmente, convirti\u00e9ndolos en vasos, l\u00e1mparas, floreros, veladoras, etc.\u00a0<\/span><\/p>\n<p class=\"p2\"><span class=\"s1\"><b>Compra productos reciclados<\/b>. Aunque quiz\u00e1 no se puedan encontrar gran variedad de productos que se hayan hecho con materiales reciclados, existen. Y puedes colaborar compr\u00e1ndolos. Igual, es un mercado que est\u00e1 en crecimiento y con ello ir\u00e1n en aumento la variedad de productos que se ofrecen. <\/span><\/p>\n<p class=\"p2\"><span class=\"s1\"><b>Piensa bien lo que vas a comprar<\/b>. Cuando compres puedes pensar un poco en el futuro, ver el producto y como terminar\u00e1 cuando ya no le quede vida de uso. De esta manera, puedes considerar comprar productos que cuando ya hayan dado todo de s\u00ed, puedan ser reciclados o reutilizados. Aquellos que no se prestan para eso, mejor no comprarlos y adquirir aquellos a los que podamos convertir en un objeto nuevo y \u00fatil. <\/span><\/p>\n<p class=\"p2\"><span class=\"s1\"><b>Haz composta<\/b>. La composta es una manera muy efectiva de reciclar y de reutilizar los desechos org\u00e1nicos. En lugar de tirar todos esos desechos de nuestra casa convirt\u00e1moslos en composta y reduzcamos as\u00ed la basura. Adem\u00e1s, es un buen fertilizante para la tierra. <\/span><\/p>\n<p class=\"p2\"><span class=\"s1\"><b>Cambiar las bolsas de pl\u00e1stico<\/b>. Cuando vayas al mercado no uses las bolsas de pl\u00e1stico de la tienda; seguramente tienes muchas en casa, re\u00fasalas. Tambi\u00e9n puedes llevar una bolsa de tela a la hora de hacer la compra; incluso, la puedes hacer t\u00fa y as\u00ed aprovechas esa tela sobrante en lugar de tirarla. Tambi\u00e9n se puede comprar bolsas de material reciclado. S\u00ed, existen las bolsas de pl\u00e1stico biodegradables; pero no es de uso com\u00fan en todas las tiendas o lugares en los que compramos. <\/span><\/p>\n<p class=\"p2\"><span class=\"s1\"><b>Estados de cuenta bancaria o facturas v\u00eda mail<\/b>. Ahora que vivimos en una \u00e9poca llena de tecnolog\u00eda, aprovech\u00e9mosla. Pidamos al banco o a las dem\u00e1s instituciones con las que necesitemos recibir facturas o estado de cuenta, que nos la manden v\u00eda mail, de esta manera ahorraremos papel. <\/span><\/p>\n<p class=\"p2\"><span class=\"s1\"><b>Camina m\u00e1s, conduce men<\/b>os. Reduce el uso del autom\u00f3vil en la medida de lo posible, por ejemplo: si la distancia al lugar a donde ir\u00e1s no es mucha. Dec\u00eddete mejor por caminar o quiz\u00e1 usar bicicleta. Disminuir el uso del autom\u00f3vil implica un menor gasto energ\u00e9tico. <\/span><\/p>\n<p class=\"p2\"><span class=\"s1\"><b>Re\u00fasa<\/b>. Ropa, envases, neum\u00e1ticos, desechos org\u00e1nicos, etc. en realidad casi cualquier cosa se puede reutilizar. No tires, primero ve si ese desecho lo puedes convertir en un objeto de utilidad o quiz\u00e1 en alg\u00fan objeto creativo decorativo. El objetivo es evitar tirar por tirar. <\/span><\/p>\n<p class=\"p2\"><span class=\"s1\"><b>Haz reparaciones<\/b>. En muchas ocasiones el producto u objeto que pensamos desechar a\u00fan sirve, lo \u00fanico que le falta es una reparaci\u00f3n. Antes de pensar tirarlo veamos si con un ajuste puede volver a funcionar. Esto tambi\u00e9n supondr\u00e1 un ahorro a nuestro bolsillo y contribuir\u00e1 a mantener limpio el medio ambiente. <\/span><\/p>\n<p class=\"p2\"><span class=\"s1\"><b>Promoci\u00f3n de la participaci\u00f3n de la ciudadan\u00eda<\/b>. Ayudar a crear conciencia es importante; en el mismo sentido, promover que el ciudadano se involucre de manera activa en el reciclaje, es igual de importante. Esto se puede hacer desde nuestras casas, dentro del c\u00edrculo cercano, empezando dentro de nuestra familia. Despu\u00e9s, ampliarla a nuestros vecinos. Quiz\u00e1 en conjunto se pueda organizar talleres o campa\u00f1as de reciclaje que inciten a la gente a participar y a aprender. <\/span><\/p>\n<p class=\"p2\"><span class=\"s1\"><b>Dona lo que no uses<\/b>. Si tienes alg\u00fan electrodom\u00e9stico, mueble o ropa que ya no uses, no lo tires. Considera que puede haber personas a las que les puede ser \u00fatil. En lugar de generar basura, mejor d\u00f3nala. Esto tambi\u00e9n puede ser una opci\u00f3n para quien no tenga tiempo de readaptar esos productos que ya no necesita; adem\u00e1s, contribuyes con la ayuda social. <\/span><\/p>\n<p class=\"p2\"><span class=\"s1\">No todo est\u00e1 perdido, por fortuna cada vez es mayor la conciencia del reciclaje, la gente se preocupa por hacerlo y hacerlo bien. El problema es que junto a eso, los desechos tambi\u00e9n aumentan. No son s\u00f3lo los producidos por la misma gente; sino tambi\u00e9n por las f\u00e1bricas o empresas. <\/span><\/p>\n<p class=\"p2\"><span class=\"s1\">A\u00fan as\u00ed, si los ciudadanos nos comprometemos a realizar la tarea que nos corresponde, habr\u00e1 un avance. Poniendo en pr\u00e1ctica estas sencillas actividades en nuestra vida cotidiana se estar\u00e1 logrando algo. No lo dudes, y participa con el proceso de reciclaje y conservaci\u00f3n del medio ambiente, desde tu cotidianidad.\u00a0<\/span><\/p>\n","protected":false},"excerpt":{"rendered":"<p>Qu\u00e9 acciones se pueden tomar para contribuir al reciclaje de manera cotidiana. Los residuos resultantes causados por el aumento del consumo y de la producci\u00f3n en exceso, han ocasionado un impacto ambiental y contaminaci\u00f3n, situaci\u00f3n que\u00a0 va en crecimiento. Por cuestiones como estas, el reciclaje se ha convertido en un tema importante, algo en lo &hellip; <a href=\"https:\/\/puntoreciclaje.com\/info\/acciones-cotidianas-para-reciclar\/\" class=\"more-link\">Sigue leyendo <span class=\"screen-reader-text\">Acciones cotidianas para reciclar<\/span><\/a><\/p>\n","protected":false},"author":1,"featured_media":0,"parent":0,"menu_order":0,"comment_status":"closed","ping_status":"open","template":"","meta":{"footnotes":""},"_links":{"self":[{"href":"https:\/\/puntoreciclaje.com\/info\/wp-json\/wp\/v2\/pages\/15"}],"collection":[{"href":"https:\/\/puntoreciclaje.com\/info\/wp-json\/wp\/v2\/pages"}],"about":[{"href":"https:\/\/puntoreciclaje.com\/info\/wp-json\/wp\/v2\/types\/page"}],"author":[{"embeddable":true,"href":"https:\/\/puntoreciclaje.com\/info\/wp-json\/wp\/v2\/users\/1"}],"replies":[{"embeddable":true,"href":"https:\/\/puntoreciclaje.com\/info\/wp-json\/wp\/v2\/comments?post=15"}],"version-history":[{"count":1,"href":"https:\/\/puntoreciclaje.com\/info\/wp-json\/wp\/v2\/pages\/15\/revisions"}],"predecessor-version":[{"id":16,"href":"https:\/\/puntoreciclaje.com\/info\/wp-json\/wp\/v2\/pages\/15\/revisions\/16"}],"wp:attachment":[{"href":"https:\/\/puntoreciclaje.com\/info\/wp-json\/wp\/v2\/media?parent=15"}],"curies":[{"name":"wp","href":"https:\/\/api.w.org\/{rel}","templated":true}]}}