{"id":11,"date":"2016-04-30T11:44:08","date_gmt":"2016-04-30T11:44:08","guid":{"rendered":"http:\/\/puntoreciclaje.com\/info\/?page_id=11"},"modified":"2016-04-30T11:44:08","modified_gmt":"2016-04-30T11:44:08","slug":"tipos-de-reciclaje","status":"publish","type":"page","link":"https:\/\/puntoreciclaje.com\/info\/tipos-de-reciclaje\/","title":{"rendered":"Tipos de reciclaje"},"content":{"rendered":"<h2>\u00bfSabes cu\u00e1les son los tipos de reciclaje que existen?<\/h2>\n<p class=\"p2\"><span class=\"s1\">Como sabemos el reciclaje es el proceso al que son sometidos los residuos una vez que han terminado su uso de vida y ya no es posible reutilizados. Estos, son sometidos a un tratamiento de materia. Dando como resultado un producto diferente al original y devolvi\u00e9ndolo al mundo del consumo. <\/span><\/p>\n<p class=\"p2\"><span class=\"s1\">Para poder llevar a cabo este proceso se debe de realizar una clasificaci\u00f3n de los residuos. Esta acci\u00f3n esta dentro de las 3 etapas del reciclaje: <\/span><span class=\"s2\">recolecci\u00f3n, clasificaci\u00f3n, y reciclar<\/span><span class=\"s1\">. La clasificaci\u00f3n es importante, pues cada material necesita de un proceso de reciclaje diferente. <\/span><\/p>\n<h2>Tipos de reciclaje<\/h2>\n<h3>Reciclaje de pl\u00e1stico.<\/h3>\n<p class=\"p2\"><span class=\"s1\">El pl\u00e1stico es un material muy contaminante para el medio ambiente, pues con \u00e9l se fabrica gran parte de los productos que se consumen. El pl\u00e1stico no s\u00f3lo se encuentra en las botellas o envases de consumo diario, tambi\u00e9n se usan para fabricar productos como: electrodom\u00e9sticos, autom\u00f3viles, aparatos electr\u00f3nicos, celulares, computadoras, etc. <\/span><\/p>\n<p class=\"p2\"><span class=\"s1\">El pl\u00e1stico se separa en dos categor\u00edas seg\u00fan su tipo de pol\u00edmero. Uno de ellos son los termofijos, estos no se pueden reciclar, un ejemplo son las llantas; sin embargo, una opci\u00f3n es reutilizarlas. La otra categor\u00eda son los termopl\u00e1sticos; estos, s\u00ed se pueden reciclar. Dentro de esta clasificaci\u00f3n est\u00e1n: <\/span><\/p>\n<p class=\"p2\"><span class=\"s1\">-PVC: Cloruro de polivinilo y el PET: Polietileno. Son los m\u00e1s comunes.<\/span><\/p>\n<p class=\"p2\"><span class=\"s1\">-Tambi\u00e9n existen: PEAD: polietileno de alta densidad, PP: polipropileno, EPS: poliestireno expandido, PC: policarbonato, PS: poliestireno y PEBD: polietileno de baja densidad.<\/span><\/p>\n<p class=\"p2\"><span class=\"s1\">Estos tipos de pl\u00e1sticos son los que llegan a la planta recicladora. Una vez all\u00ed, se hace una nueva separaci\u00f3n, pues es necesario que estos se reciclen de manera separada. Esta sub clasificaci\u00f3n se hace por el tipo de estructura molecular de cada uno de ellos. <\/span><\/p>\n<p class=\"p3\"><span class=\"s1\"><b>El pl\u00e1stico puede reciclarse de dos maneras<\/b><\/span><span class=\"s4\">: <\/span><\/p>\n<h4>Reciclaje mec\u00e1nico<\/h4>\n<p>Una vez que est\u00e1 limpio y bien separado, lo que se hace es triturar en pedacitos todo el pl\u00e1stico. Lo que sigue es fundirlo, para finalmente darle la forma del nuevo envase o producto. Este mismo proceso se hace con cada tipo de pl\u00e1stico.<\/p>\n<h4>Reciclaje Qu\u00edmico<\/h4>\n<p>Este reciclaje es complejo, y no es tan utilizado como el mec\u00e1nico. La ventaja de este proceso es que no es necesario hacer la sub clasificaci\u00f3n de pl\u00e1sticos. Esto sucede porque en este tratamiento se lleva a cabo la degradaci\u00f3n de los materiales que componen el pl\u00e1stico. De esta manera se separa lo pol\u00edmeros de las mol\u00e9culas, quedando s\u00f3lo mol\u00e9culas sencillas. Con lo obtenido de este reciclaje es posible producir cualquier tipo de pl\u00e1stico.<\/p>\n<h3>Reciclaje de Papel.<\/h3>\n<p class=\"p2\"><span class=\"s1\">El papel es un material que puede ser reciclado f\u00e1cilmente, y casi cualquier tipo de papel es candidato al reciclaje. Los papeles que no pueden pasar por este proceso son: el papel fotogr\u00e1fico, papel carb\u00f3n, o los que tienen alg\u00fan adhesivo o plastificados, papel higi\u00e9nico o servilletas usadas. <\/span><\/p>\n<p class=\"p2\"><span class=\"s1\">Sin embargo, el papel va perdiendo sus propiedades con el reciclaje, por lo que no se puede someter a este con regularidad. De cualquier manera, el reciclar papel se vuelve importante pues ayuda a disminuir la tala de \u00e1rboles. <\/span><\/p>\n<p class=\"p2\"><span class=\"s1\">Cuando el papel llega a la planta tratadora se hace una clasificaci\u00f3n para separar cualquier material que pudo haberse metido entre el papel. Una vez que est\u00e9 limpio, el papel es sometido a una separaci\u00f3n, en donde se dividen las fibras vegetales de las impurezas, como los metales y alambres. <\/span><\/p>\n<p class=\"p2\"><span class=\"s1\">Para poder hacer lo anterior se echa el papel en agua caliente, agreg\u00e1ndole qu\u00edmicos especiales, que har\u00e1n que el papel se empiece a desintegrar hasta formar una pulpa o pasta.<\/span><\/p>\n<p class=\"p2\"><span class=\"s1\">Luego, se le vuelve a agregar qu\u00edmicos, para que la tinta se desprenda y pueda salir a flote y ser sacada f\u00e1cilmente. De esta manera se obtiene un papel limpio de tinta y de cualquier impureza. Finalmente, es necesario secar la pulpa resultante; una vez que se ha hecho esto, se extiende para crear hojas de papel listas para utilizarse. <\/span><\/p>\n<h3>Reciclaje de vidrio<\/h3>\n<p class=\"p2\"><span class=\"s1\">Este material se puede reciclar una y otra vez aprovech\u00e1ndose el cien por ciento de este. Adem\u00e1s, es un material f\u00e1cil de reciclar. Una vez que el vidrio este en la planta tratadora debe limpiarse y separarse de los diferentes materiales que posiblemente hayan quedado mezclados. Lo m\u00e1s com\u00fan es encontrar residuos de porcelana, bombillas o latas. <\/span><\/p>\n<p class=\"p2\"><span class=\"s1\">Una vez que est\u00e9 limpio de todo material externo; se vuelven a limpiar, pero ahora de etiquetas, de tal forma que no quede rastro de papel sobre ellas. Lo siguiente, es hacer trocitos todos los vidrios, para despu\u00e9s proceder a fundirlo. Un punto<span class=\"Apple-converted-space\">\u00a0 <\/span>importante es saber que la energ\u00eda que se utiliza para fundirlo, es menor a la que se utiliza para su fabricaci\u00f3n. Finalmente, una vez fundido, se le vuelve a dar forma para su posterior uso.\u00a0<\/span><\/p>\n<h3>Reciclaje de aluminio.<\/h3>\n<p class=\"p2\"><span class=\"s1\">El reciclaje de este material es muy rentable, pues se utiliza casi todo el residuo para su posterior uso. Adem\u00e1s de ser un material muy usado para la fabricaci\u00f3n de productos, tiene la ventaja de no perder sus propiedades al momento de sufrir el proceso de reciclaje. <\/span><\/p>\n<p class=\"p2\"><span class=\"s1\">Tambi\u00e9n es necesario hacer un limpia para separar los residuos que no sean aluminio. Cuando se est\u00e1 seguro de tener puras latas de aluminio limpio, estas son aplastadas para formar bloques del mismo peso y tama\u00f1o. <\/span><\/p>\n<p class=\"p2\"><span class=\"s1\">Para despu\u00e9s ser llevadas a hornos donde se funden. El paso final, es utilizar el l\u00edquido de aluminio para hacer hojas de aluminio. Estas hojas son, a las que se les dar\u00e1 una nueva forma para ser puestas de nuevo en circulaci\u00f3n. <\/span><\/p>\n<h3>Reciclaje org\u00e1nico e inorg\u00e1nico.<\/h3>\n<p class=\"p2\"><span class=\"s1\">Todos los tipos de reciclaje mencionados anteriormente son reciclajes de<\/span><span class=\"s2\"> residuos inorg\u00e1nicos<\/span><span class=\"s1\">. Con esto me refiero a aquellos residuos que nunca han tenido vida, y que fueron creados por el hombre. Materiales que para descomponerse tendr\u00edan que pasar a\u00f1os y a\u00f1os, por lo que es necesario aplicarles un proceso de reciclaje.<\/span><\/p>\n<p class=\"p2\"><span class=\"s1\">Otro tipo de residuo que tambi\u00e9n se recicla es <\/span><span class=\"s2\">el org\u00e1nico<\/span><span class=\"s1\">. Estos, son residuos que alguna vez tuvieron vida, como las frutas o verduras. Estos no necesitan de alg\u00fan proceso para su descomposici\u00f3n. Los residuos org\u00e1nicos por lo general son comida; pero los restos de la poda de \u00e1rboles o arbustos, tambi\u00e9n lo son; as\u00ed como los restos de madera. <\/span><\/p>\n<p class=\"p2\"><span class=\"s1\">Los residuos org\u00e1nicos pueden ser usados en compostas, un abono natural, esta se puede realizar de manera dom\u00e9stica o en plantas de compostaje. <\/span><\/p>\n<p class=\"p2\"><span class=\"s1\">Ahora ya lo sabes, cada vez que vayas a reciclar, separa bien tus residuos. Primeramente en org\u00e1nicos e inorg\u00e1nicos, y estos \u00faltimos sep\u00e1ralos seg\u00fan su material; as\u00ed facilitar\u00e1s el proceso de reciclaje una vez que estos residuos lleguen a su destino final. <\/span><\/p>\n","protected":false},"excerpt":{"rendered":"<p>\u00bfSabes cu\u00e1les son los tipos de reciclaje que existen? Como sabemos el reciclaje es el proceso al que son sometidos los residuos una vez que han terminado su uso de vida y ya no es posible reutilizados. Estos, son sometidos a un tratamiento de materia. Dando como resultado un producto diferente al original y devolvi\u00e9ndolo &hellip; <a href=\"https:\/\/puntoreciclaje.com\/info\/tipos-de-reciclaje\/\" class=\"more-link\">Sigue leyendo <span class=\"screen-reader-text\">Tipos de reciclaje<\/span><\/a><\/p>\n","protected":false},"author":1,"featured_media":0,"parent":0,"menu_order":0,"comment_status":"closed","ping_status":"open","template":"","meta":{"footnotes":""},"_links":{"self":[{"href":"https:\/\/puntoreciclaje.com\/info\/wp-json\/wp\/v2\/pages\/11"}],"collection":[{"href":"https:\/\/puntoreciclaje.com\/info\/wp-json\/wp\/v2\/pages"}],"about":[{"href":"https:\/\/puntoreciclaje.com\/info\/wp-json\/wp\/v2\/types\/page"}],"author":[{"embeddable":true,"href":"https:\/\/puntoreciclaje.com\/info\/wp-json\/wp\/v2\/users\/1"}],"replies":[{"embeddable":true,"href":"https:\/\/puntoreciclaje.com\/info\/wp-json\/wp\/v2\/comments?post=11"}],"version-history":[{"count":1,"href":"https:\/\/puntoreciclaje.com\/info\/wp-json\/wp\/v2\/pages\/11\/revisions"}],"predecessor-version":[{"id":12,"href":"https:\/\/puntoreciclaje.com\/info\/wp-json\/wp\/v2\/pages\/11\/revisions\/12"}],"wp:attachment":[{"href":"https:\/\/puntoreciclaje.com\/info\/wp-json\/wp\/v2\/media?parent=11"}],"curies":[{"name":"wp","href":"https:\/\/api.w.org\/{rel}","templated":true}]}}